{"id":2993,"date":"2026-04-13T09:23:29","date_gmt":"2026-04-13T07:23:29","guid":{"rendered":"https:\/\/taller.cat\/atelier\/"},"modified":"2026-04-18T10:40:01","modified_gmt":"2026-04-18T08:40:01","slug":"peces-uniques","status":"publish","type":"page","link":"https:\/\/taller.cat\/ca\/peces-uniques\/","title":{"rendered":"Peces \u00faniques"},"content":{"rendered":"\t\t<div data-elementor-type=\"wp-page\" data-elementor-id=\"2993\" class=\"elementor elementor-2993 elementor-2804\">\n\t\t\t\t<div class=\"e-con-top elementor-element elementor-element-3091c69 rey-section-stretched e-flex e-con-boxed e-con e-parent\" data-id=\"3091c69\" data-element_type=\"container\" data-e-type=\"container\" data-settings=\"{&quot;background_background&quot;:&quot;slideshow&quot;,&quot;background_slideshow_gallery&quot;:[{&quot;id&quot;:2900,&quot;url&quot;:&quot;https:\\\/\\\/taller.cat\\\/wp-content\\\/uploads\\\/2026\\\/04\\\/DSC0258-VSCO_result.webp&quot;},{&quot;id&quot;:2916,&quot;url&quot;:&quot;https:\\\/\\\/taller.cat\\\/wp-content\\\/uploads\\\/2026\\\/04\\\/DSC09554-VSCO_result.webp&quot;},{&quot;id&quot;:2912,&quot;url&quot;:&quot;https:\\\/\\\/taller.cat\\\/wp-content\\\/uploads\\\/2026\\\/04\\\/DSC04259-VSCO_result.webp&quot;},{&quot;id&quot;:2918,&quot;url&quot;:&quot;https:\\\/\\\/taller.cat\\\/wp-content\\\/uploads\\\/2026\\\/04\\\/DSC09555-VSCO_result.webp&quot;},{&quot;id&quot;:2924,&quot;url&quot;:&quot;https:\\\/\\\/taller.cat\\\/wp-content\\\/uploads\\\/2026\\\/04\\\/DSC09599-VSCO_result.webp&quot;},{&quot;id&quot;:2940,&quot;url&quot;:&quot;https:\\\/\\\/taller.cat\\\/wp-content\\\/uploads\\\/2026\\\/04\\\/DSC06621_result.webp&quot;},{&quot;id&quot;:2920,&quot;url&quot;:&quot;https:\\\/\\\/taller.cat\\\/wp-content\\\/uploads\\\/2026\\\/04\\\/DSC09570-VSCO_result.webp&quot;},{&quot;id&quot;:2898,&quot;url&quot;:&quot;https:\\\/\\\/taller.cat\\\/wp-content\\\/uploads\\\/2026\\\/04\\\/DSC03150-VSCO_result.webp&quot;},{&quot;id&quot;:2908,&quot;url&quot;:&quot;https:\\\/\\\/taller.cat\\\/wp-content\\\/uploads\\\/2026\\\/04\\\/DSC04242-VSCO_result.webp&quot;},{&quot;id&quot;:2922,&quot;url&quot;:&quot;https:\\\/\\\/taller.cat\\\/wp-content\\\/uploads\\\/2026\\\/04\\\/DSC09579-VSCO_result.webp&quot;},{&quot;id&quot;:2892,&quot;url&quot;:&quot;https:\\\/\\\/taller.cat\\\/wp-content\\\/uploads\\\/2026\\\/04\\\/DSC02800-VSCO_result.webp&quot;}],&quot;background_slideshow_slide_duration&quot;:3000,&quot;background_slideshow_loop&quot;:&quot;yes&quot;,&quot;background_slideshow_slide_transition&quot;:&quot;fade&quot;,&quot;background_slideshow_transition_duration&quot;:500}\">\n\t\t\t\t\t<div class=\"e-con-inner\">\n\t\t<div class=\"elementor-element elementor-element-b0bdb10 e-con-full e-flex e-con e-child\" data-id=\"b0bdb10\" data-element_type=\"container\" data-e-type=\"container\">\n\t\t\t\t<div class=\"elementor-element elementor-element-c5792df elementor-widget elementor-widget-heading\" data-id=\"c5792df\" data-element_type=\"widget\" data-e-type=\"widget\" data-widget_type=\"heading.default\">\n\t\t\t\t<div class=\"elementor-widget-container\">\n\t\t\t\t\t<h1 class=\"elementor-heading-title elementor-size-default\">Anells de comprom\u00eds fets a mida<\/h1>\t\t\t\t<\/div>\n\t\t\t\t<\/div>\n\t\t\t\t<div class=\"elementor-element elementor-element-26ab079 elementor-widget elementor-widget-text-editor\" data-id=\"26ab079\" data-element_type=\"widget\" data-e-type=\"widget\" data-widget_type=\"text-editor.default\">\n\t\t\t\t<div class=\"elementor-widget-container\">\n\t\t\t\t\t\t\t\t\t<p>Anells de comprom\u00eds dissenyats exclusivament per a la vostra hist\u00f2ria.<\/p><p>Creem anells de comprom\u00eds \u00fanics, dissenyats a partir de la vostra hist\u00f2ria i elaborats artesanalment al nostre taller de joieria.<\/p><p>Explica&#8217;ns la vostra idea i us prepararem una proposta personalitzada.<\/p>\t\t\t\t\t\t\t\t<\/div>\n\t\t\t\t<\/div>\n\t\t\t\t<\/div>\n\t\t\t\t\t<\/div>\n\t\t\t\t<\/div>\n\t\t<div class=\"e-con-top elementor-element elementor-element-4089216 e-grid e-con-boxed e-con e-parent\" data-id=\"4089216\" data-element_type=\"container\" data-e-type=\"container\">\n\t\t\t\t\t<div class=\"e-con-inner\">\n\t\t<div class=\"elementor-element elementor-element-31891f6 e-con-full e-flex e-con e-child\" data-id=\"31891f6\" data-element_type=\"container\" data-e-type=\"container\">\n\t\t\t\t<div class=\"elementor-element elementor-element-23b37fd elementor-widget elementor-widget-text-editor\" data-id=\"23b37fd\" data-element_type=\"widget\" data-e-type=\"widget\" data-widget_type=\"text-editor.default\">\n\t\t\t\t<div class=\"elementor-widget-container\">\n\t\t\t\t\t\t\t\t\t<h2>La idea<\/h2><p>Un anell de comprom\u00eds no hauria de ser una elecci\u00f3 r\u00e0pida.<br>\u00c9s una pe\u00e7a que simbolitza una hist\u00f2ria \u00fanica.<\/p><p>A ATELIER by Taller Boda, dissenyem cada anell des de zero, combinant tradici\u00f3 joiera, materials nobles i una atenci\u00f3 completament personalitzada.<\/p><p>A trav\u00e9s d&#8217;un breu formulari coneixerem la vostra idea, el vostre estil i el significat que voleu donar a la pe\u00e7a. Amb aquesta informaci\u00f3 us prepararem una proposta exclusiva. <\/p>\t\t\t\t\t\t\t\t<\/div>\n\t\t\t\t<\/div>\n\t\t\t\t<\/div>\n\t\t<div class=\"elementor-element elementor-element-5aec16a e-con-full e-flex e-con e-child\" data-id=\"5aec16a\" data-element_type=\"container\" data-e-type=\"container\">\n\t\t\t\t<\/div>\n\t\t\t\t\t<\/div>\n\t\t\t\t<\/div>\n\t\t<div class=\"e-con-top elementor-element elementor-element-06d1ade rey-section-stretched e-flex e-con-boxed e-con e-parent\" data-id=\"06d1ade\" data-element_type=\"container\" data-e-type=\"container\" data-settings=\"{&quot;background_background&quot;:&quot;slideshow&quot;,&quot;background_slideshow_gallery&quot;:[{&quot;id&quot;:2916,&quot;url&quot;:&quot;https:\\\/\\\/taller.cat\\\/wp-content\\\/uploads\\\/2026\\\/04\\\/DSC09554-VSCO_result.webp&quot;},{&quot;id&quot;:2918,&quot;url&quot;:&quot;https:\\\/\\\/taller.cat\\\/wp-content\\\/uploads\\\/2026\\\/04\\\/DSC09555-VSCO_result.webp&quot;},{&quot;id&quot;:2912,&quot;url&quot;:&quot;https:\\\/\\\/taller.cat\\\/wp-content\\\/uploads\\\/2026\\\/04\\\/DSC04259-VSCO_result.webp&quot;},{&quot;id&quot;:2900,&quot;url&quot;:&quot;https:\\\/\\\/taller.cat\\\/wp-content\\\/uploads\\\/2026\\\/04\\\/DSC0258-VSCO_result.webp&quot;},{&quot;id&quot;:2924,&quot;url&quot;:&quot;https:\\\/\\\/taller.cat\\\/wp-content\\\/uploads\\\/2026\\\/04\\\/DSC09599-VSCO_result.webp&quot;},{&quot;id&quot;:2920,&quot;url&quot;:&quot;https:\\\/\\\/taller.cat\\\/wp-content\\\/uploads\\\/2026\\\/04\\\/DSC09570-VSCO_result.webp&quot;},{&quot;id&quot;:2908,&quot;url&quot;:&quot;https:\\\/\\\/taller.cat\\\/wp-content\\\/uploads\\\/2026\\\/04\\\/DSC04242-VSCO_result.webp&quot;},{&quot;id&quot;:2922,&quot;url&quot;:&quot;https:\\\/\\\/taller.cat\\\/wp-content\\\/uploads\\\/2026\\\/04\\\/DSC09579-VSCO_result.webp&quot;},{&quot;id&quot;:2940,&quot;url&quot;:&quot;https:\\\/\\\/taller.cat\\\/wp-content\\\/uploads\\\/2026\\\/04\\\/DSC06621_result.webp&quot;},{&quot;id&quot;:2898,&quot;url&quot;:&quot;https:\\\/\\\/taller.cat\\\/wp-content\\\/uploads\\\/2026\\\/04\\\/DSC03150-VSCO_result.webp&quot;},{&quot;id&quot;:2892,&quot;url&quot;:&quot;https:\\\/\\\/taller.cat\\\/wp-content\\\/uploads\\\/2026\\\/04\\\/DSC02800-VSCO_result.webp&quot;}],&quot;background_slideshow_slide_duration&quot;:3000,&quot;background_slideshow_loop&quot;:&quot;yes&quot;,&quot;background_slideshow_slide_transition&quot;:&quot;fade&quot;,&quot;background_slideshow_transition_duration&quot;:500}\">\n\t\t\t\t\t<div class=\"e-con-inner\">\n\t\t<div class=\"elementor-element elementor-element-cda8fbf e-con-full e-flex e-con e-child\" data-id=\"cda8fbf\" data-element_type=\"container\" data-e-type=\"container\">\n\t\t\t\t<div class=\"elementor-element elementor-element-63df7f4 elementor-widget elementor-widget-heading\" data-id=\"63df7f4\" data-element_type=\"widget\" data-e-type=\"widget\" data-widget_type=\"heading.default\">\n\t\t\t\t<div class=\"elementor-widget-container\">\n\t\t\t\t\t<h1 class=\"elementor-heading-title elementor-size-default\">Com funciona<\/h1>\t\t\t\t<\/div>\n\t\t\t\t<\/div>\n\t\t\t\t<div class=\"elementor-element elementor-element-42397d9 elementor-widget elementor-widget-text-editor\" data-id=\"42397d9\" data-element_type=\"widget\" data-e-type=\"widget\" data-widget_type=\"text-editor.default\">\n\t\t\t\t<div class=\"elementor-widget-container\">\n\t\t\t\t\t\t\t\t\t<p><strong>1 \u00b7 Explica&#8217;ns la vostra idea<\/strong><br>Completa el formulari amb alguns detalls sobre l&#8217;anell que t&#8217;imagines.<\/p><p><strong>2 \u00b7 Dissenyem la vostra proposta<\/strong><br>El nostre equip estudiar\u00e0 la vostra sol\u00b7licitud i preparar\u00e0 una proposta personalitzada.<\/p><p><strong>3 \u00b7 Creem la pe\u00e7a<\/strong><br>Un cop aprovat el disseny, elaborem l&#8217;anell artesanalment al nostre taller.<\/p><p><strong>4 \u00b7 Un anell \u00fanic<\/strong><br>Rebr\u00e0s una pe\u00e7a creada especialment per a aquest moment.<\/p>\t\t\t\t\t\t\t\t<\/div>\n\t\t\t\t<\/div>\n\t\t\t\t<\/div>\n\t\t\t\t\t<\/div>\n\t\t\t\t<\/div>\n\t\t<div class=\"e-con-top elementor-element elementor-element-907da0c e-flex e-con-boxed e-con e-parent\" data-id=\"907da0c\" data-element_type=\"container\" data-e-type=\"container\">\n\t\t\t\t\t<div class=\"e-con-inner\">\n\t\t<div class=\"elementor-element elementor-element-b6332d9 e-grid e-con-full e-con e-child\" data-id=\"b6332d9\" data-element_type=\"container\" data-e-type=\"container\">\n\t\t<div class=\"elementor-element elementor-element-73c95c5 e-con-full e-flex e-con e-child\" data-id=\"73c95c5\" data-element_type=\"container\" data-e-type=\"container\" data-settings=\"{&quot;background_background&quot;:&quot;classic&quot;}\">\n\t\t\t\t<\/div>\n\t\t<div class=\"elementor-element elementor-element-1259093 e-con-full e-flex e-con e-child\" data-id=\"1259093\" data-element_type=\"container\" data-e-type=\"container\" data-settings=\"{&quot;background_background&quot;:&quot;classic&quot;}\">\n\t\t\t\t<\/div>\n\t\t<div class=\"elementor-element elementor-element-d7c1879 e-con-full e-flex e-con e-child\" data-id=\"d7c1879\" data-element_type=\"container\" data-e-type=\"container\" data-settings=\"{&quot;background_background&quot;:&quot;classic&quot;}\">\n\t\t\t\t<\/div>\n\t\t<div class=\"elementor-element elementor-element-6190ac5 e-con-full e-flex e-con e-child\" data-id=\"6190ac5\" data-element_type=\"container\" data-e-type=\"container\" data-settings=\"{&quot;background_background&quot;:&quot;classic&quot;}\">\n\t\t\t\t<\/div>\n\t\t\t\t<\/div>\n\t\t\t\t\t<\/div>\n\t\t\t\t<\/div>\n\t\t<div class=\"e-con-top elementor-element elementor-element-0db288e e-flex e-con-boxed e-con e-parent\" data-id=\"0db288e\" data-element_type=\"container\" data-e-type=\"container\">\n\t\t\t\t\t<div class=\"e-con-inner\">\n\t\t<div class=\"elementor-element elementor-element-f76352d e-con-full e-flex e-con e-child\" data-id=\"f76352d\" data-element_type=\"container\" data-e-type=\"container\" data-settings=\"{&quot;background_background&quot;:&quot;classic&quot;}\">\n\t\t<div class=\"elementor-element elementor-element-1e8c620 e-con-full e-flex e-con e-child\" data-id=\"1e8c620\" data-element_type=\"container\" data-e-type=\"container\">\n\t\t\t\t<div class=\"elementor-element elementor-element-765ed39 elementor-widget elementor-widget-heading\" data-id=\"765ed39\" data-element_type=\"widget\" data-e-type=\"widget\" data-widget_type=\"heading.default\">\n\t\t\t\t<div class=\"elementor-widget-container\">\n\t\t\t\t\t<h2 class=\"elementor-heading-title elementor-size-default\">Explica'ns la vostra idea<\/h2>\t\t\t\t<\/div>\n\t\t\t\t<\/div>\n\t\t\t\t<div class=\"elementor-element elementor-element-fe081ec elementor-widget elementor-widget-text-editor\" data-id=\"fe081ec\" data-element_type=\"widget\" data-e-type=\"widget\" data-widget_type=\"text-editor.default\">\n\t\t\t\t<div class=\"elementor-widget-container\">\n\t\t\t\t\t\t\t\t\t<p>Completeu el formulari i us enviarem una proposta personalitzada per crear el vostre anell \u00fanic.<\/p>\t\t\t\t\t\t\t\t<\/div>\n\t\t\t\t<\/div>\n\t\t\t\t<div class=\"elementor-element elementor-element-0ea47c1 elementor-widget elementor-widget-shortcode\" data-id=\"0ea47c1\" data-element_type=\"widget\" data-e-type=\"widget\" data-widget_type=\"shortcode.default\">\n\t\t\t\t<div class=\"elementor-widget-container\">\n\t\t\t\t\t\t\t<div class=\"elementor-shortcode\">\n<div class=\"wpcf7 no-js\" id=\"wpcf7-f3008-o1\" lang=\"ca\" dir=\"ltr\" data-wpcf7-id=\"3008\">\n<div class=\"screen-reader-response\"><p role=\"status\" aria-live=\"polite\" aria-atomic=\"true\"><\/p> <ul><\/ul><\/div>\n<form action=\"\/ca\/wp-json\/wp\/v2\/pages\/2993#wpcf7-f3008-o1\" method=\"post\" class=\"wpcf7-form init\" aria-label=\"Formulari de contacte\" enctype=\"multipart\/form-data\" novalidate=\"novalidate\" data-status=\"init\">\n<fieldset class=\"hidden-fields-container\"><input type=\"hidden\" name=\"_wpcf7\" value=\"3008\" \/><input type=\"hidden\" name=\"_wpcf7_version\" value=\"6.1.5\" \/><input type=\"hidden\" name=\"_wpcf7_locale\" value=\"ca\" \/><input type=\"hidden\" name=\"_wpcf7_unit_tag\" value=\"wpcf7-f3008-o1\" \/><input type=\"hidden\" name=\"_wpcf7_container_post\" value=\"0\" \/><input type=\"hidden\" name=\"_wpcf7_posted_data_hash\" value=\"\" \/>\n<\/fieldset>\n<div class=\"wpcf7-turnstile cf-turnstile\" data-sitekey=\"0x4AAAAAAC9O2rbd5HuF18HQ\" data-response-field-name=\"_wpcf7_turnstile_response\"><\/div>\n\n<div class=\"tb-form-grid\">\n\t<div class=\"tb-col\">\n\t\t<p><label>Nom*<br \/>\n<span class=\"wpcf7-form-control-wrap\" data-name=\"your-name\"><input size=\"40\" maxlength=\"400\" class=\"wpcf7-form-control wpcf7-text wpcf7-validates-as-required\" aria-required=\"true\" aria-invalid=\"false\" placeholder=\"El teu nom\" value=\"\" type=\"text\" name=\"your-name\" \/><\/span><\/label>\n\t\t<\/p>\n\t<\/div>\n\t<div class=\"tb-col\">\n\t\t<p><label>Email*<br \/>\n<span class=\"wpcf7-form-control-wrap\" data-name=\"your-email\"><input size=\"40\" maxlength=\"400\" class=\"wpcf7-form-control wpcf7-email wpcf7-validates-as-required wpcf7-text wpcf7-validates-as-email\" aria-required=\"true\" aria-invalid=\"false\" placeholder=\"El teu correu electr\u00f2nic\" value=\"\" type=\"email\" name=\"your-email\" \/><\/span><\/label>\n\t\t<\/p>\n\t<\/div>\n\t<div class=\"tb-col\">\n\t\t<p><label>Tel\u00e8fon (opcional)<br \/>\n<span class=\"wpcf7-form-control-wrap\" data-name=\"your-phone\"><input size=\"40\" maxlength=\"400\" class=\"wpcf7-form-control wpcf7-tel wpcf7-text wpcf7-validates-as-tel\" aria-invalid=\"false\" placeholder=\"Tel\u00e8fon o WhatsApp\" value=\"\" type=\"tel\" name=\"your-phone\" \/><\/span><\/label>\n\t\t<\/p>\n\t<\/div>\n\t<div class=\"tb-col\">\n\t\t<p><label>Tens alguna idea de l'estil d'anell que vols?*<br \/>\n<span class=\"wpcf7-form-control-wrap\" data-name=\"ring-idea\"><select class=\"wpcf7-form-control wpcf7-select wpcf7-validates-as-required\" aria-required=\"true\" aria-invalid=\"false\" name=\"ring-idea\"><option value=\"\">Selecciona una opci\u00f3n<\/option><option value=\"Tinc una idea clara\">Tinc una idea clara<\/option><option value=\"Tinc algunes refer\u00e8ncies\">Tinc algunes refer\u00e8ncies<\/option><option value=\"M&#039;agradaria rebre assessorament\">M&#039;agradaria rebre assessorament<\/option><\/select><\/span><\/label>\n\t\t<\/p>\n\t<\/div>\n\t<div class=\"tb-col\">\n\t\t<p><label>Quin estil t'agrada m\u00e9s?*<br \/>\n<span class=\"wpcf7-form-control-wrap\" data-name=\"ring-style\"><select class=\"wpcf7-form-control wpcf7-select wpcf7-validates-as-required\" aria-required=\"true\" aria-invalid=\"false\" name=\"ring-style\"><option value=\"\">Selecciona una opci\u00f3n<\/option><option value=\"Solitari cl\u00e0ssic\">Solitari cl\u00e0ssic<\/option><option value=\"Minimalista\">Minimalista<\/option><option value=\"Organic\">Organic<\/option><option value=\"Ethernity\">Ethernity<\/option><option value=\"No estic segur\">No estic segur<\/option><\/select><\/span><\/label>\n\t\t<\/p>\n\t<\/div>\n\t<div class=\"tb-col\">\n\t\t<p><label>Metall preferit*<br \/>\n<span class=\"wpcf7-form-control-wrap\" data-name=\"metal\"><select class=\"wpcf7-form-control wpcf7-select wpcf7-validates-as-required\" aria-required=\"true\" aria-invalid=\"false\" name=\"metal\"><option value=\"\">Selecciona una opci\u00f3n<\/option><option value=\"Or groc\">Or groc<\/option><option value=\"Or blanc\">Or blanc<\/option><option value=\"Or rosa\">Or rosa<\/option><option value=\"Or familiar reciclat\">Or familiar reciclat<\/option><option value=\"No ho s\u00e9 encara\">No ho s\u00e9 encara<\/option><\/select><\/span><\/label>\n\t\t<\/p>\n\t<\/div>\n\t<div class=\"tb-col\">\n\t\t<p><label>Vols incloure alguna pedra?*<br \/>\n<span class=\"wpcf7-form-control-wrap\" data-name=\"stone\"><select class=\"wpcf7-form-control wpcf7-select wpcf7-validates-as-required\" aria-required=\"true\" aria-invalid=\"false\" name=\"stone\"><option value=\"\">Selecciona una opci\u00f3n<\/option><option value=\"Diamant\">Diamant<\/option><option value=\"Altres gemes\">Altres gemes<\/option><option value=\"Sense pedra\">Sense pedra<\/option><option value=\"No ho s\u00e9\">No ho s\u00e9<\/option><\/select><\/span><\/label>\n\t\t<\/p>\n\t<\/div>\n\t<div class=\"tb-col\">\n\t\t<p><label>Pressupost aproximat*<br \/>\n<span class=\"wpcf7-form-control-wrap\" data-name=\"budget\"><select class=\"wpcf7-form-control wpcf7-select wpcf7-validates-as-required\" aria-required=\"true\" aria-invalid=\"false\" name=\"budget\"><option value=\"\">Selecciona una opci\u00f3n<\/option><option value=\"Menys de 1.000 \u20ac\">Menys de 1.000 \u20ac<\/option><option value=\"1.000 \u2013 2.000 \u20ac\">1.000 \u2013 2.000 \u20ac<\/option><option value=\"2.000 \u2013 4.000 \u20ac\">2.000 \u2013 4.000 \u20ac<\/option><option value=\"M\u00e9s de 4.000 \u20ac\">M\u00e9s de 4.000 \u20ac<\/option><option value=\"Prefiero comentarlo\">Prefiero comentarlo<\/option><\/select><\/span><\/label>\n\t\t<\/p>\n\t<\/div>\n\t<div class=\"tb-col\">\n\t\t<p><label>Quan t'agradaria tenir l'anell?*<br \/>\n<span class=\"wpcf7-form-control-wrap\" data-name=\"delivery-time\"><select class=\"wpcf7-form-control wpcf7-select wpcf7-validates-as-required\" aria-required=\"true\" aria-invalid=\"false\" name=\"delivery-time\"><option value=\"\">Selecciona una opci\u00f3n<\/option><option value=\"En menys de 1 mes\">En menys de 1 mes<\/option><option value=\"1\u20132 mesos\">1\u20132 mesos<\/option><option value=\"M\u00e9s de 2 mesos\">M\u00e9s de 2 mesos<\/option><\/select><\/span><\/label>\n\t\t<\/p>\n\t<\/div>\n\t<div class=\"tb-col tb-col-full\">\n\t\t<p><label>Explica'ns una mica sobre la hist\u00f2ria darrere l'anell<br \/>\n<span class=\"wpcf7-form-control-wrap\" data-name=\"story\"><textarea cols=\"40\" rows=\"10\" maxlength=\"2000\" class=\"wpcf7-form-control wpcf7-textarea\" aria-invalid=\"false\" placeholder=\"Explica&#039;ns la vostra idea, el significat que t\u00e9 aquest anell o qualsevol detall que vulguis que tinguem en compte.\" name=\"story\"><\/textarea><\/span><\/label>\n\t\t<\/p>\n\t<\/div>\n\t<div class=\"tb-col tb-col-full\">\n\t\t<p><label>Tens imatges de refer\u00e8ncia?<br \/>\n<span class=\"wpcf7-form-control-wrap\" data-name=\"reference-images\"><input size=\"40\" class=\"wpcf7-form-control wpcf7-file\" accept=\".jpg,.jpeg,.png,.webp,.pdf\" aria-invalid=\"false\" type=\"file\" name=\"reference-images\" \/><\/span><\/label>\n\t\t<\/p>\n\t<\/div>\n\t<div class=\"tb-col tb-col-full\">\n\t\t<p><span class=\"wpcf7-form-control-wrap\" data-name=\"privacidad\"><span class=\"wpcf7-form-control wpcf7-acceptance\"><span class=\"wpcf7-list-item\"><label><input type=\"checkbox\" name=\"privacidad\" value=\"1\" aria-invalid=\"false\" \/><span class=\"wpcf7-list-item-label\">He llegit i accepto la pol\u00edtica de privadesa.<\/span><\/label><\/span><\/span><\/span>\n\t\t<\/p>\n\t<\/div>\n\t<div class=\"tb-col tb-col-full\">\n\t\t<p><input class=\"wpcf7-form-control wpcf7-submit has-spinner\" type=\"submit\" value=\"Rebre la meva proposta\" \/>\n\t\t<\/p>\n\t<\/div>\n\t<div class=\"tb-col tb-col-full\">\n\t\t<p class=\"tb-form-trust\">Dissenyarem una proposta sense comprom\u00eds basada en la teva idea.\n\t\t<\/p>\n\t<\/div>\n<\/div><div class=\"wpcf7-response-output\" aria-hidden=\"true\"><\/div>\n<\/form>\n<\/div>\n<\/div>\n\t\t\t\t\t\t<\/div>\n\t\t\t\t<\/div>\n\t\t\t\t<div class=\"elementor-element elementor-element-958f008 elementor-widget elementor-widget-html\" data-id=\"958f008\" data-element_type=\"widget\" data-e-type=\"widget\" data-widget_type=\"html.default\">\n\t\t\t\t<div class=\"elementor-widget-container\">\n\t\t\t\t\t<script>document.addEventListener('wpcf7mailsent', function(event) {\n  window.location.href = \"https:\/\/taller.cat\/gracias-por-contactar\/\";\n});\n<\/script>\t\t\t\t<\/div>\n\t\t\t\t<\/div>\n\t\t\t\t<\/div>\n\t\t\t\t<\/div>\n\t\t\t\t\t<\/div>\n\t\t\t\t<\/div>\n\t\t\t\t<\/div>\n\t\t","protected":false},"excerpt":{"rendered":"<p>Anells de comprom\u00eds fets a mida Anells de comprom\u00eds dissenyats exclusivament per a la vostra hist\u00f2ria. Creem anells de comprom\u00eds \u00fanics, dissenyats a partir de la vostra hist\u00f2ria i elaborats artesanalment al nostre taller de joieria. Explica&#8217;ns la vostra idea i us prepararem una proposta personalitzada. La idea Un anell de comprom\u00eds no hauria de [&hellip;]<\/p>\n","protected":false},"author":1,"featured_media":0,"parent":0,"menu_order":0,"comment_status":"closed","ping_status":"closed","template":"","meta":{"_acf_changed":false,"_joinchat":[],"footnotes":""},"class_list":["post-2993","page","type-page","status-publish","hentry"],"acf":[],"_links":{"self":[{"href":"https:\/\/taller.cat\/ca\/wp-json\/wp\/v2\/pages\/2993","targetHints":{"allow":["GET"]}}],"collection":[{"href":"https:\/\/taller.cat\/ca\/wp-json\/wp\/v2\/pages"}],"about":[{"href":"https:\/\/taller.cat\/ca\/wp-json\/wp\/v2\/types\/page"}],"author":[{"embeddable":true,"href":"https:\/\/taller.cat\/ca\/wp-json\/wp\/v2\/users\/1"}],"replies":[{"embeddable":true,"href":"https:\/\/taller.cat\/ca\/wp-json\/wp\/v2\/comments?post=2993"}],"version-history":[{"count":9,"href":"https:\/\/taller.cat\/ca\/wp-json\/wp\/v2\/pages\/2993\/revisions"}],"predecessor-version":[{"id":3039,"href":"https:\/\/taller.cat\/ca\/wp-json\/wp\/v2\/pages\/2993\/revisions\/3039"}],"wp:attachment":[{"href":"https:\/\/taller.cat\/ca\/wp-json\/wp\/v2\/media?parent=2993"}],"curies":[{"name":"wp","href":"https:\/\/api.w.org\/{rel}","templated":true}]}}