{"id":3061,"date":"2026-04-20T15:42:57","date_gmt":"2026-04-20T13:42:57","guid":{"rendered":"https:\/\/taller.cat\/solicitar-informacio\/"},"modified":"2026-04-22T08:03:42","modified_gmt":"2026-04-22T06:03:42","slug":"solicitar-informacio","status":"publish","type":"page","link":"https:\/\/taller.cat\/ca\/solicitar-informacio\/","title":{"rendered":"Solicitar informaci\u00f3"},"content":{"rendered":"\t\t<div data-elementor-type=\"wp-page\" data-elementor-id=\"3061\" class=\"elementor elementor-3061 elementor-3055\">\n\t\t\t\t<div class=\"e-con-top elementor-element elementor-element-a12423c e-flex e-con-boxed e-con e-parent\" data-id=\"a12423c\" data-element_type=\"container\" data-e-type=\"container\">\n\t\t\t\t\t<div class=\"e-con-inner\">\n\t\t<div class=\"elementor-element elementor-element-a2b960d e-con-full e-flex e-con e-child\" data-id=\"a2b960d\" data-element_type=\"container\" data-e-type=\"container\" data-settings=\"{&quot;background_background&quot;:&quot;classic&quot;}\">\n\t\t\t\t<div class=\"elementor-element elementor-element-0370a5f elementor-widget elementor-widget-reycore-global-section\" data-id=\"0370a5f\" data-element_type=\"widget\" data-e-type=\"widget\" data-widget_type=\"reycore-global-section.default\">\n\t\t\t\t<div class=\"elementor-widget-container\">\n\t\t\t\t\t\t\t<div class=\"rey-element reyEl-gs\">\n\t\t\t\t\t<div data-elementor-type=\"wp-post\" data-elementor-id=\"2882\" class=\"elementor elementor-2882 elementor-2828 elementor-2828\" data-elementor-gstype=\"generic\" data-page-el-selector=\"body.elementor-page-2882\" data-disable-padding=\"\">\n\t\t\t\t<div class=\"elementor-element elementor-element-836c0b0 e-flex e-con-boxed e-con e-parent\" data-id=\"836c0b0\" data-element_type=\"container\" data-e-type=\"container\" data-settings=\"{&quot;background_background&quot;:&quot;classic&quot;}\">\n\t\t\t\t\t<div class=\"e-con-inner\">\n\t\t<div class=\"elementor-element elementor-element-1a5887a e-con-full e-flex e-con e-child\" data-id=\"1a5887a\" data-element_type=\"container\" data-e-type=\"container\">\n\t\t\t\t<div class=\"elementor-element elementor-element-f24361e elementor-widget elementor-widget-heading\" data-id=\"f24361e\" data-element_type=\"widget\" data-e-type=\"widget\" data-widget_type=\"heading.default\">\n\t\t\t\t<div class=\"elementor-widget-container\">\n\t\t\t\t\t<h2 class=\"elementor-heading-title elementor-size-default\">Sol\u00b7licitar informaci\u00f3 sobre el taller d'aliances<\/h2>\t\t\t\t<\/div>\n\t\t\t\t<\/div>\n\t\t\t\t<div class=\"elementor-element elementor-element-36b33e2 elementor-widget elementor-widget-text-editor\" data-id=\"36b33e2\" data-element_type=\"widget\" data-e-type=\"widget\" data-widget_type=\"text-editor.default\">\n\t\t\t\t<div class=\"elementor-widget-container\">\n\t\t\t\t\t\t\t\t\t<p>Completeu el formulari i us enviarem tota la informaci\u00f3 i disponibilitat per viure l&#8217;experi\u00e8ncia de crear les vostres pr\u00f2pies aliances.<\/p>\t\t\t\t\t\t\t\t<\/div>\n\t\t\t\t<\/div>\n\t\t\t\t<div class=\"elementor-element elementor-element-6f02944 elementor-widget elementor-widget-shortcode\" data-id=\"6f02944\" data-element_type=\"widget\" data-e-type=\"widget\" data-widget_type=\"shortcode.default\">\n\t\t\t\t<div class=\"elementor-widget-container\">\n\t\t\t\t\t\t\t<div class=\"elementor-shortcode\">\n<div class=\"wpcf7 no-js\" id=\"wpcf7-f2881-o1\" lang=\"ca\" dir=\"ltr\" data-wpcf7-id=\"2881\">\n<div class=\"screen-reader-response\"><p role=\"status\" aria-live=\"polite\" aria-atomic=\"true\"><\/p> <ul><\/ul><\/div>\n<form action=\"\/ca\/wp-json\/wp\/v2\/pages\/3061#wpcf7-f2881-o1\" method=\"post\" class=\"wpcf7-form init\" aria-label=\"Formulari de contacte\" novalidate=\"novalidate\" data-status=\"init\">\n<fieldset class=\"hidden-fields-container\"><input type=\"hidden\" name=\"_wpcf7\" value=\"2881\" \/><input type=\"hidden\" name=\"_wpcf7_version\" value=\"6.1.5\" \/><input type=\"hidden\" name=\"_wpcf7_locale\" value=\"ca\" \/><input type=\"hidden\" name=\"_wpcf7_unit_tag\" value=\"wpcf7-f2881-o1\" \/><input type=\"hidden\" name=\"_wpcf7_container_post\" value=\"0\" \/><input type=\"hidden\" name=\"_wpcf7_posted_data_hash\" value=\"\" \/>\n<\/fieldset>\n<div class=\"wpcf7-turnstile cf-turnstile\" data-sitekey=\"0x4AAAAAAC9O2rbd5HuF18HQ\" data-response-field-name=\"_wpcf7_turnstile_response\"><\/div>\n\n<div class=\"tb-form-grid\">\n\t<div class=\"tb-col\">\n\t\t<p><label>Nom de la parella*<br \/>\n<span class=\"wpcf7-form-control-wrap\" data-name=\"nombre-pareja\"><input size=\"40\" maxlength=\"400\" class=\"wpcf7-form-control wpcf7-text wpcf7-validates-as-required\" aria-required=\"true\" aria-invalid=\"false\" placeholder=\"Ex. Marta i Joan\" value=\"\" type=\"text\" name=\"nombre-pareja\" \/><\/span><\/label>\n\t\t<\/p>\n\t<\/div>\n\t<div class=\"tb-col\">\n\t\t<p><label>Email*<br \/>\n<span class=\"wpcf7-form-control-wrap\" data-name=\"email\"><input size=\"40\" maxlength=\"400\" class=\"wpcf7-form-control wpcf7-email wpcf7-validates-as-required wpcf7-text wpcf7-validates-as-email\" aria-required=\"true\" aria-invalid=\"false\" placeholder=\"El vostre correu electr\u00f2nic\" value=\"\" type=\"email\" name=\"email\" \/><\/span><\/label>\n\t\t<\/p>\n\t<\/div>\n\t<div class=\"tb-col\">\n\t\t<p><label>Tel\u00e8fon o WhatsApp*<br \/>\n<span class=\"wpcf7-form-control-wrap\" data-name=\"telefono\"><input size=\"40\" maxlength=\"400\" class=\"wpcf7-form-control wpcf7-tel wpcf7-validates-as-required wpcf7-text wpcf7-validates-as-tel\" aria-required=\"true\" aria-invalid=\"false\" placeholder=\"Ex. 600 000 000\" value=\"\" type=\"tel\" name=\"telefono\" \/><\/span><\/label>\n\t\t<\/p>\n\t<\/div>\n\t<div class=\"tb-col\">\n\t\t<p><label>Quan \u00e9s el vostre casament?*<br \/>\n<span class=\"wpcf7-form-control-wrap\" data-name=\"fecha-boda\"><select class=\"wpcf7-form-control wpcf7-select wpcf7-validates-as-required\" aria-required=\"true\" aria-invalid=\"false\" name=\"fecha-boda\"><option value=\"\">Selecciona una opci\u00f3<\/option><option value=\"En menys de 3 mesos\">En menys de 3 mesos<\/option><option value=\"Entre 3 i 6 mesos\">Entre 3 i 6 mesos<\/option><option value=\"Entre 6 i 12 mesos\">Entre 6 i 12 mesos<\/option><option value=\"M\u00e9s d&#039;un any\">M\u00e9s d&#039;un any<\/option><option value=\"Encara no tenim data\">Encara no tenim data<\/option><\/select><\/span><\/label>\n\t\t<\/p>\n\t<\/div>\n\t<div class=\"tb-col\">\n\t\t<p><label>De quin material us agradaria fer les aliances?*<br \/>\n<span class=\"wpcf7-form-control-wrap\" data-name=\"material\"><select class=\"wpcf7-form-control wpcf7-select wpcf7-validates-as-required\" aria-required=\"true\" aria-invalid=\"false\" name=\"material\"><option value=\"\">Selecciona una opci\u00f3<\/option><option value=\"Or familiar (portarem peces per fondre)\">Or familiar (portarem peces per fondre)<\/option><option value=\"Or nou\">Or nou<\/option><option value=\"Plata\">Plata<\/option><option value=\"Encara no ho sabem\">Encara no ho sabem<\/option><\/select><\/span><\/label>\n\t\t<\/p>\n\t<\/div>\n\t<div class=\"tb-col\">\n\t\t<p><label>Qu\u00e8 us interessa m\u00e9s del taller?<br \/>\n<span class=\"wpcf7-form-control-wrap\" data-name=\"interes\"><select class=\"wpcf7-form-control wpcf7-select\" aria-invalid=\"false\" name=\"interes\"><option value=\"\">Selecciona una opci\u00f3n<\/option><option value=\"Crear nosaltres mateixos les aliances\">Crear nosaltres mateixos les aliances<\/option><option value=\"Utilitzar or familiar\">Utilitzar or familiar<\/option><option value=\"Viure l&#039;experi\u00e8ncia artesanal\">Viure l&#039;experi\u00e8ncia artesanal<\/option><option value=\"Encara estem explorant opcions\">Encara estem explorant opcions<\/option><\/select><\/span><\/label>\n\t\t<\/p>\n\t<\/div>\n\t<div class=\"tb-col tb-col-full\">\n\t\t<p><label>Compteu-nos una mica el vostre cas<br \/>\n<span class=\"wpcf7-form-control-wrap\" data-name=\"mensaje\"><textarea cols=\"40\" rows=\"10\" maxlength=\"2000\" class=\"wpcf7-form-control wpcf7-textarea\" aria-invalid=\"false\" placeholder=\"Si voleu, podeu explicar-nos la vostra idea, si ja teniu data de casament o qualsevol dubte que tingueu.\" name=\"mensaje\"><\/textarea><\/span><\/label>\n\t\t<\/p>\n\t<\/div>\n\t<div class=\"tb-col tb-col-full\">\n\t\t<p><span class=\"wpcf7-form-control-wrap\" data-name=\"privacidad\"><span class=\"wpcf7-form-control wpcf7-acceptance\"><span class=\"wpcf7-list-item\"><label><input type=\"checkbox\" name=\"privacidad\" value=\"1\" aria-invalid=\"false\" \/><span class=\"wpcf7-list-item-label\">He llegit i accepto la pol\u00edtica de privadesa.<\/span><\/label><\/span><\/span><\/span>\n\t\t<\/p>\n\t<\/div>\n\t<div class=\"tb-col tb-col-full\">\n\t\t<p><input class=\"wpcf7-form-control wpcf7-submit has-spinner\" type=\"submit\" value=\"Enviar consulta\" \/>\n\t\t<\/p>\n\t<\/div>\n<\/div><div class=\"wpcf7-response-output\" aria-hidden=\"true\"><\/div>\n<\/form>\n<\/div>\n<\/div>\n\t\t\t\t\t\t<\/div>\n\t\t\t\t<\/div>\n\t\t\t\t<div class=\"elementor-element elementor-element-4c402e4 elementor-widget elementor-widget-html\" data-id=\"4c402e4\" data-element_type=\"widget\" data-e-type=\"widget\" data-widget_type=\"html.default\">\n\t\t\t\t<div class=\"elementor-widget-container\">\n\t\t\t\t\t<script>document.addEventListener('wpcf7mailsent', function(event) {\n  window.location.href = \"https:\/\/taller.cat\/gracias-por-contactar\/\";\n});\n<\/script>\t\t\t\t<\/div>\n\t\t\t\t<\/div>\n\t\t\t\t<\/div>\n\t\t\t\t\t<\/div>\n\t\t\t\t<\/div>\n\t\t\t\t<\/div>\n\t\t\t\t<\/div>\n\t\t<!-- .reyEl-gs -->\n\t\t\t\t\t\t<\/div>\n\t\t\t\t<\/div>\n\t\t\t\t<\/div>\n\t\t\t\t\t<\/div>\n\t\t\t\t<\/div>\n\t\t\t\t<\/div>\n\t\t","protected":false},"excerpt":{"rendered":"<p>Solicitad informaci\u00f3n sobre el taller de alianzas Completad el formulario y os enviaremos toda la informaci\u00f3n y disponibilidad para vivir la experiencia de crear vuestras propias alianzas. Nombre de la pareja* Email* Tel\u00e9fono o WhatsApp* \u00bfCu\u00e1ndo es vuestra boda?* Selecciona una opci\u00f3nEn menos de 3 mesesEntre 3 y 6 mesesEntre 6 y 12 mesesM\u00e1s de [&hellip;]<\/p>\n","protected":false},"author":1,"featured_media":0,"parent":0,"menu_order":0,"comment_status":"closed","ping_status":"closed","template":"","meta":{"_acf_changed":false,"_joinchat":[],"footnotes":""},"class_list":["post-3061","page","type-page","status-publish","hentry"],"acf":[],"_links":{"self":[{"href":"https:\/\/taller.cat\/ca\/wp-json\/wp\/v2\/pages\/3061","targetHints":{"allow":["GET"]}}],"collection":[{"href":"https:\/\/taller.cat\/ca\/wp-json\/wp\/v2\/pages"}],"about":[{"href":"https:\/\/taller.cat\/ca\/wp-json\/wp\/v2\/types\/page"}],"author":[{"embeddable":true,"href":"https:\/\/taller.cat\/ca\/wp-json\/wp\/v2\/users\/1"}],"replies":[{"embeddable":true,"href":"https:\/\/taller.cat\/ca\/wp-json\/wp\/v2\/comments?post=3061"}],"version-history":[{"count":1,"href":"https:\/\/taller.cat\/ca\/wp-json\/wp\/v2\/pages\/3061\/revisions"}],"predecessor-version":[{"id":3062,"href":"https:\/\/taller.cat\/ca\/wp-json\/wp\/v2\/pages\/3061\/revisions\/3062"}],"wp:attachment":[{"href":"https:\/\/taller.cat\/ca\/wp-json\/wp\/v2\/media?parent=3061"}],"curies":[{"name":"wp","href":"https:\/\/api.w.org\/{rel}","templated":true}]}}