{"id":2157,"date":"2025-06-27T13:06:43","date_gmt":"2025-06-27T11:06:43","guid":{"rendered":"https:\/\/taller.cat\/targeta-regal\/"},"modified":"2026-01-07T17:46:37","modified_gmt":"2026-01-07T16:46:37","slug":"targeta-regal","status":"publish","type":"product","link":"https:\/\/taller.cat\/ca\/targeta-regal\/","title":{"rendered":"Targeta regal &#8211; Experi\u00e8ncia de crear les aliances de boda"},"content":{"rendered":"<p>Busques un regal de casament que els emocioni de veritat? Regala&#8217;ls molt m\u00e9s que un simple objecte: regala&#8217;ls l&#8217;experi\u00e8ncia m\u00e9s \u00edntima del seu casament. Amb la nostra targeta regal del taller d&#8217;anells de casament, no nom\u00e9s els regalareu anells de casament \u00fanics, sin\u00f3 tamb\u00e9 tres hores de pura m\u00e0gia mentre creen junts el s\u00edmbol m\u00e9s important del seu amor.  <\/p>\n<p>Al nostre taller exclusiu a Barcelona, les vostres pr\u00f2pies mans es convertiran en eines de creaci\u00f3, fonent or en anells de casament que us posareu per a tota la vida. No \u00e9s nom\u00e9s un regal: \u00e9s el moment en qu\u00e8 el vostre amor esdev\u00e9 art. <\/p>\n<h3>Per qu\u00e8 triar la nostra targeta regal?<\/h3>\n<h4>L&#8217;\u00fanica experi\u00e8ncia on creen el seu propi tresor<\/h4>\n<p>Mentre que altres regals es guarden en calaixos, aquesta experi\u00e8ncia romandr\u00e0 gravada en els vostres cors. Durant tres hores, treballareu bra\u00e7 a bra\u00e7 amb mestres joiers, aprenent t\u00e8cniques centen\u00e0ries mentre creeu els anells de casament que simbolitzaran la vostra uni\u00f3 eterna. <\/p>\n<h4>Exclusivitat total en cada sessi\u00f3<\/h4>\n<p>Cada experi\u00e8ncia \u00e9s completament privada. Tindreu l&#8217;\u00fas exclusiu del joier i de l&#8217;espai, creant una atmosfera \u00edntima perfecta per a aquesta aventura especial. Nom\u00e9s tu, les teves mans i la m\u00e0gia de crear plegats.  <\/p>\n<h4>Records que duren tota la vida<\/h4>\n<p>Incloem fotografies professionals de tot el proc\u00e9s perqu\u00e8 puguis reviure cada moment especial. Cada cop de martell, cada somriure, cada mirada c\u00f2mplice queda capturada per sempre. <\/p>\n<h4>El poder de l&#8217;or familiar<\/h4>\n<p>Si tens or familiar, pots transformar joies plenes d&#8217;hist\u00f2ria en un s\u00edmbol del teu futur. Imagina: l&#8217;anell de la teva bes\u00e0via convertint-se en part de l&#8217;anell de casament. Generacions d&#8217;amor fusionant-se en una sola pe\u00e7a.  <\/p>\n<h3>Opcions de targeta regal<\/h3>\n<h4>Experi\u00e8ncia completa &#8211; Targeta regal digital<\/h4>\n<p><strong>Necessites el regal avui?<\/strong><\/p>\n<ul>\n<li>Entrega immediata per correu electr\u00f2nic<\/li>\n<li>Dedicat\u00f2ria personalitzada<\/li>\n<li>Dise\u00f1o elegante para imprimir<\/li>\n<li>Inclou: experi\u00e8ncia completa de 3 hores, fotografies professionals, gravat artesanal, aperitius<\/li>\n<\/ul>\n<h4>Experi\u00e8ncia completa &#8211; Targeta regal f\u00edsica<\/h4>\n<p><strong>Vols sorprendre alg\u00fa amb un regal tangible?<\/strong><\/p>\n<ul>\n<li>Tarjeta regal f\u00edsica<\/li>\n<li>Entrega a domicili en 24-48 hores<\/li>\n<li>Presentat amb cura com a regal<\/li>\n<li>Disponible dedicat\u00f2ria manuscrita<\/li>\n<li>El mateix contingut que l&#8217;experi\u00e8ncia digital<\/li>\n<\/ul>\n<h4>Experi\u00e8ncia premium amb v\u00eddeo<\/h4>\n<p><strong>Per fer el regal encara m\u00e9s memorable<\/strong><\/p>\n<ul>\n<li>Tot aix\u00f2 m\u00e9s un v\u00eddeo professional de l&#8217;experi\u00e8ncia<\/li>\n<li>Un record cinematogr\u00e0fica del vostre dia especial<\/li>\n<li>Edici\u00f3 professional amb m\u00fasica<\/li>\n<li>Entrega digital despr\u00e9s de l&#8217;experi\u00e8ncia<\/li>\n<\/ul>\n<h3>El regal perfecte per a&#8230;<\/h3>\n<h4>Pares que volen emocionar els seus fills<\/h4>\n<p>No hi ha cap regal m\u00e9s especial que una experi\u00e8ncia que recordaran per sempre. Dem\u00f2stra&#8217;ls quant t&#8217;importen regalant-los un moment \u00fanic i inoblidable. <\/p>\n<h4>Amics \u00edntims que busquen alguna cosa extraordin\u00e0ria<\/h4>\n<p>Oblida&#8217;t dels regals convencionals. Sorpr\u00e8n-los amb una experi\u00e8ncia que demostri com s\u00f3n d&#8217;especials per a tu. Un regal que demostri com de b\u00e9 els coneixes i els valores.  <\/p>\n<h4>Parelles que volen regalar-se aquesta aventura<\/h4>\n<p>Per qu\u00e8 esperar que els altres us ofereixin experi\u00e8ncies especials? Regaleu-vos el moment m\u00e9s \u00edntim del vostre casament. <\/p>\n<h4>Membres de la fam\u00edlia que valoren les tradicions<\/h4>\n<p>Si la teva fam\u00edlia t\u00e9 or amb hist\u00f2ria, aquest regal adquireix un significat encara m\u00e9s profund. Transforma les joies familiars en s\u00edmbols de la nova generaci\u00f3. <\/p>\n<h3>Qu\u00e8 inclou la teva targeta regal?<\/h3>\n<ul>\n<li><strong>3 hores de taller<\/strong> exclusiu nom\u00e9s per a la parella<\/li>\n<li><strong>Mestre joier<\/strong> personal durant tota l&#8217;experi\u00e8ncia<\/li>\n<li><strong>Fotografies professionals<\/strong> de tot el proc\u00e9s<\/li>\n<li><strong>Pica-pica gourmet <\/strong>i begudes durant la sessi\u00f3<\/li>\n<li><strong>Gravat personalitzat i artesanal<\/strong> en anells de casament<\/li>\n<li><strong>Estoig premium<\/strong> per a guardar anells de casament<\/li>\n<li>Flexibilitat total per als canvis de data<\/li>\n<\/ul>\n<h3>Informaci\u00f3 pr\u00e0ctica<\/h3>\n<h4>Validesa i flexibilitat<\/h4>\n<p>La targeta regal \u00e9s v\u00e0lida durant 12 mesos des de la data de compra. Els canvis de data es poden fer sense cap cost addicional amb 72 hores d&#8217;antelaci\u00f3. Volem que gaudeixis de l&#8217;experi\u00e8ncia en el moment perfecte per a tu.  <\/p>\n<h4>Ubicaci\u00f3 i acc\u00e9s<\/h4>\n<p>El nostre taller est\u00e0 situat a Matar\u00f3, a nom\u00e9s 30 km de Barcelona. \u00c9s f\u00e0cilment accessible amb transport p\u00fablic amb connexi\u00f3 directa des de Barcelona, i disposem d&#8217;aparcament propi si veniu en cotxe. <\/p>\n<h4>Reserves y contacte<\/h4>\n<p>Un cop hagueu comprat la targeta regal, podeu contactar-nos directament per reservar la data que preferiu. Us acompanyarem des del moment en qu\u00e8 rebeu el regal fins al final de l&#8217;experi\u00e8ncia. <\/p>\n<h3>Fes realitat aquest regal \u00fanic<\/h3>\n<p>No els deixis conformar-se amb anells comprats a la botiga. Ofereix-los l&#8217;experi\u00e8ncia de crear junts el s\u00edmbol m\u00e9s important del seu amor. Un regal que expressi com s\u00f3n especials, quant els estimes i com d&#8217;important \u00e9s la seva hist\u00f2ria d&#8217;amor.  <\/p>\n<p>La targeta regal del taller d&#8217;anells de casament no \u00e9s nom\u00e9s un regal: \u00e9s l&#8217;inici d&#8217;una de les experi\u00e8ncies m\u00e9s emotives de la vostra vida en com\u00fa.<\/p>\n","protected":false},"excerpt":{"rendered":"<p>Busques un regal de casament que els emocioni de veritat? Regala&#8217;ls molt m\u00e9s que un simple objecte: regala&#8217;ls l&#8217;experi\u00e8ncia m\u00e9s \u00edntima del seu casament. Amb la nostra targeta regal del taller d&#8217;anells de casament, no nom\u00e9s els regalareu anells de casament \u00fanics, sin\u00f3 tamb\u00e9 tres hores de pura m\u00e0gia mentre creen junts el s\u00edmbol m\u00e9s [&hellip;]<\/p>\n","protected":false},"featured_media":2046,"template":"","meta":{"_acf_changed":false,"_joinchat":[]},"product_cat":[159],"product_tag":[],"class_list":{"0":"post-2157","1":"product","2":"type-product","3":"status-publish","4":"has-post-thumbnail","6":"product_cat-regalar-experiencia-ca","8":"first","9":"instock","10":"taxable","11":"shipping-taxable","12":"purchasable","13":"product-type-simple","swatches":"rey-swatches","show_selected":"rey-swatches--show-selected--name","stretch_labels":"rey-swatches--stretch-labels"},"acf":[],"_links":{"self":[{"href":"https:\/\/taller.cat\/ca\/wp-json\/wp\/v2\/product\/2157","targetHints":{"allow":["GET"]}}],"collection":[{"href":"https:\/\/taller.cat\/ca\/wp-json\/wp\/v2\/product"}],"about":[{"href":"https:\/\/taller.cat\/ca\/wp-json\/wp\/v2\/types\/product"}],"wp:featuredmedia":[{"embeddable":true,"href":"https:\/\/taller.cat\/ca\/wp-json\/wp\/v2\/media\/2046"}],"wp:attachment":[{"href":"https:\/\/taller.cat\/ca\/wp-json\/wp\/v2\/media?parent=2157"}],"wp:term":[{"taxonomy":"product_cat","embeddable":true,"href":"https:\/\/taller.cat\/ca\/wp-json\/wp\/v2\/product_cat?post=2157"},{"taxonomy":"product_tag","embeddable":true,"href":"https:\/\/taller.cat\/ca\/wp-json\/wp\/v2\/product_tag?post=2157"}],"curies":[{"name":"wp","href":"https:\/\/api.w.org\/{rel}","templated":true}]}}